{"id":540,"date":"2025-06-19T10:23:45","date_gmt":"2025-06-19T08:23:45","guid":{"rendered":"https:\/\/info.persiluhr.de\/?page_id=540"},"modified":"2025-06-19T10:23:45","modified_gmt":"2025-06-19T08:23:45","slug":"gruppenraum","status":"publish","type":"page","link":"https:\/\/info.persiluhr.de\/en\/gruppenraum\/","title":{"rendered":"Gruppenraum"},"content":{"rendered":"<p class=\"qtranxs-available-languages-message qtranxs-available-languages-message-en\">Sorry, this entry is only available in <a href=\"https:\/\/info.persiluhr.de\/de\/wp-json\/wp\/v2\/pages\/540\" class=\"qtranxs-available-language-link qtranxs-available-language-link-de\" title=\"DE\">DE<\/a>.<\/p><p>Sie wollen sich noch ein wenig zusammensetzen zum Plaudern oder konzentrierten Arbeiten? Kein Problem in unserem Gruppenraum in der 4. Etage.<\/p>\n<p><b>Ausstattung:<\/b><b><\/b><\/p>\n<ul>\n<li>Platz f\u00fcr bis zu 6 Personen<\/li>\n<li>Gem\u00fctliche St\u00fchle und gro\u00dfe Tische<\/li>\n<li>Getr\u00e4nke und Snacks zu g\u00fcnstigen Preisen<\/li>\n<\/ul>\n<p><\/p>","protected":false},"excerpt":{"rendered":"<p>Sorry, this entry is only available in DE.Sie wollen sich noch ein wenig zusammensetzen zum Plaudern oder konzentrierten Arbeiten? Kein Problem in unserem Gruppenraum in der 4. Etage. Ausstattung: Platz f\u00fcr bis zu 6 Personen Gem\u00fctliche St\u00fchle und gro\u00dfe Tische Getr\u00e4nke und Snacks zu g\u00fcnstigen Preisen<\/p>\n","protected":false},"author":1,"featured_media":541,"parent":0,"menu_order":0,"comment_status":"closed","ping_status":"closed","template":"","meta":{"footnotes":""},"class_list":["post-540","page","type-page","status-publish","has-post-thumbnail","hentry"],"_links":{"self":[{"href":"https:\/\/info.persiluhr.de\/en\/wp-json\/wp\/v2\/pages\/540","targetHints":{"allow":["GET"]}}],"collection":[{"href":"https:\/\/info.persiluhr.de\/en\/wp-json\/wp\/v2\/pages"}],"about":[{"href":"https:\/\/info.persiluhr.de\/en\/wp-json\/wp\/v2\/types\/page"}],"author":[{"embeddable":true,"href":"https:\/\/info.persiluhr.de\/en\/wp-json\/wp\/v2\/users\/1"}],"replies":[{"embeddable":true,"href":"https:\/\/info.persiluhr.de\/en\/wp-json\/wp\/v2\/comments?post=540"}],"version-history":[{"count":1,"href":"https:\/\/info.persiluhr.de\/en\/wp-json\/wp\/v2\/pages\/540\/revisions"}],"predecessor-version":[{"id":542,"href":"https:\/\/info.persiluhr.de\/en\/wp-json\/wp\/v2\/pages\/540\/revisions\/542"}],"wp:featuredmedia":[{"embeddable":true,"href":"https:\/\/info.persiluhr.de\/en\/wp-json\/wp\/v2\/media\/541"}],"wp:attachment":[{"href":"https:\/\/info.persiluhr.de\/en\/wp-json\/wp\/v2\/media?parent=540"}],"curies":[{"name":"wp","href":"https:\/\/api.w.org\/{rel}","templated":true}]}}